{"id":748,"date":"2016-11-23T09:13:36","date_gmt":"2016-11-23T09:13:36","guid":{"rendered":"http:\/\/intercontactservices.com\/interhuman\/en\/offres-demploi\/"},"modified":"2020-11-24T08:55:28","modified_gmt":"2020-11-24T08:55:28","slug":"offres-demploi","status":"publish","type":"page","link":"https:\/\/www.intercontactservices.com\/interhuman\/en\/offres-demploi\/","title":{"rendered":"Job offers"},"content":{"rendered":"<p>[vc_row][vc_column width=&#8221;2\/3&#8243;][vc_column_text]<div class=\"job_listings \" data-location=\"\" data-keywords=\"\" data-show_filters=\"false\" data-show_pagination=\"false\" data-job_types=\"\" data-per_page=\"10\" data-orderby=\"featured\" data-order=\"asc\" data-categories=\"\" data-featured=\"true\" > <ul class=\"job_listings job-list full new-layout hide-desc\"> \t<p class=\"no_job_listings_found\">There are currently no vacancies.<\/p>\n <\/ul> <\/div>[\/vc_column_text][vc_column_text]<div class=\"job_listings \" data-location=\"\" data-keywords=\"\" data-show_filters=\"false\" data-show_pagination=\"false\" data-job_types=\"\" data-per_page=\"13\" data-orderby=\"deadline\" data-order=\"asc\" data-categories=\"\" >\r\n            <!-- Listings Loader -->\r\n            <div class=\"listings-loader\">\r\n                <div class=\"spinner\">\r\n                  <div class=\"double-bounce1\"><\/div>\r\n                  <div class=\"double-bounce2\"><\/div>\r\n                <\/div>\r\n            <\/div>\r\n            \r\n            <ul class=\"job_listings job-list full  new-layout hide-desc\" >\r\n\r\n                            \n\n<li class=\"left post-13027 job_listing type-job_listing status-publish hentry\" data-longitude=\"\" data-latitude=\"\">\n\t<a href=\"https:\/\/www.intercontactservices.com\/interhuman\/en\/job\/directeur-trice-pays\/\">\n\t\t<img class=\"company_logo\" src=\"https:\/\/www.intercontactservices.com\/interhuman\/wp-content\/plugins\/wp-job-manager\/assets\/images\/company.png\" alt=\"CARE BURUNDI\" \/>\t\t<div class=\"job-list-content\">\n\t\t\t<h4>Directeur (trice) pays \n\t\t\t\t\t\t \n\t\t\t<\/h4>\n\n\t\t\t<div class=\"job-icons\">\n\t\t\t\t\t\t\t\t\n\t\t\t\t\t\t\t\t\n\t\t\t\t\t\t\t\t\t<span class=\"ws-meta-company-name\"><i class=\"fa fa-briefcase\"><\/i> CARE BURUNDI<\/span>\n\t\t\t\t\t\t\t\t\n\t\t\t\t\t\t\t\t\n\t\t\t\t\n\t\t\t\t\t\t\t\t\n\t\t\t\t\t\t\t\t\t\t\t\t\n\t\t\t\t\t\t\t\t\t\t\t\t\t\n\n\t\t\t\t\t\t\t\t\n\t\t\t\t\t\t\t<\/div>\n\t\t\t<div class=\"listing-desc\"><p>Work Location :\u00a0Burundi &#8211; Bujumbura Type of Post :\u00a0Accompanied &#8211; Family Other Possible Location :\u00a0 Funding :\u00a0APPROVED Expected Travel :\u00a0up to 20% Type of Contract :\u00a0 Language Requirement :\u00a0French\/English Application&#8230;<\/p>\n\t\t\t\t\n\t\t\t<\/div>\n\t\t\t\n\t\t\t\t\n\t\t<\/div>\n\t<\/a>\n<div class=\"clearfix\"><\/div>\n<\/li>                            \n\n<li class=\"left post-13021 job_listing type-job_listing status-publish hentry\" data-longitude=\"\" data-latitude=\"\">\n\t<a href=\"https:\/\/www.intercontactservices.com\/interhuman\/en\/job\/superviseur-wash-ipc\/\">\n\t\t<img class=\"company_logo\" src=\"https:\/\/www.intercontactservices.com\/interhuman\/wp-content\/plugins\/wp-job-manager\/assets\/images\/company.png\" alt=\"VILLAGE HEALTH WORKS\" \/>\t\t<div class=\"job-list-content\">\n\t\t\t<h4>Superviseur WASH\/IPC \n\t\t\t\t\t\t \n\t\t\t<\/h4>\n\n\t\t\t<div class=\"job-icons\">\n\t\t\t\t\t\t\t\t\n\t\t\t\t\t\t\t\t\n\t\t\t\t\t\t\t\t\t<span class=\"ws-meta-company-name\"><i class=\"fa fa-briefcase\"><\/i> VILLAGE HEALTH WORKS<\/span>\n\t\t\t\t\t\t\t\t\n\t\t\t\t\t\t\t\t\n\t\t\t\t\n\t\t\t\t\t\t\t\t\n\t\t\t\t\t\t\t\t\t\t\t\t\n\t\t\t\t\t\t\t\t\t\t\t\t\t\t\t<span class=\"ws-meta-job-deadline\"><i class=\"fa fa-calendar-times-o\"><\/i> \n\t\t\t\t\t\tClosed: 20 April 2026\t\t\t\t\t\t<\/span>\n\t\t\t\t\t\t\t\t\n\n\t\t\t\t\t\t\t\t\n\t\t\t\t\t\t\t<\/div>\n\t\t\t<div class=\"listing-desc\"><p>DESCRIPTION DE POSTE Titre du poste : Superviseur WASH\/IPC D\u00e9partement : WASH\/IPC Superviseur Direct : WASH &amp; IPC Department Manager Localit\u00e9 : Kigutu, Burundi Type de Poste : Temps plein&#8230;<\/p>\n\t\t\t\t\n\t\t\t<\/div>\n\t\t\t\n\t\t\t\t\n\t\t<\/div>\n\t<\/a>\n<div class=\"clearfix\"><\/div>\n<\/li>                            \n\n<li class=\"left post-13024 job_listing type-job_listing status-publish hentry\" data-longitude=\"\" data-latitude=\"\">\n\t<a href=\"https:\/\/www.intercontactservices.com\/interhuman\/en\/job\/assistants-psychosociaux-projet-kaze-twiyunge\/\">\n\t\t<img class=\"company_logo\" src=\"https:\/\/www.intercontactservices.com\/interhuman\/wp-content\/plugins\/wp-job-manager\/assets\/images\/company.png\" alt=\"WE WORLD GVC\" \/>\t\t<div class=\"job-list-content\">\n\t\t\t<h4>Assistants psychosociaux projet KAZE TWIYUNGE \n\t\t\t\t\t\t \n\t\t\t<\/h4>\n\n\t\t\t<div class=\"job-icons\">\n\t\t\t\t\t\t\t\t\n\t\t\t\t\t\t\t\t\n\t\t\t\t\t\t\t\t\t<span class=\"ws-meta-company-name\"><i class=\"fa fa-briefcase\"><\/i> WE WORLD GVC<\/span>\n\t\t\t\t\t\t\t\t\n\t\t\t\t\t\t\t\t\n\t\t\t\t\n\t\t\t\t\t\t\t\t\n\t\t\t\t\t\t\t\t\t\t\t\t\n\t\t\t\t\t\t\t\t\t\t\t\t\t\t\t<span class=\"ws-meta-job-deadline\"><i class=\"fa fa-calendar-times-o\"><\/i> \n\t\t\t\t\t\tCloses: 29 April 2026\t\t\t\t\t\t<\/span>\n\t\t\t\t\t\t\t\t\n\n\t\t\t\t\t\t\t\t\n\t\t\t\t\t\t\t<\/div>\n\t\t\t<div class=\"listing-desc\"><p>TERMES DE REFERENCES ASSISTANTS PSYCHOSOCIAUX PROJET KAZE TWIYUNGE Organisation : WeWorld \u2013 Groupe de Volontariat Civil Burundi (WWGVC) Titre du projet : R\u00e9ponse int\u00e9gr\u00e9e pour favoriser la protection et la&#8230;<\/p>\n\t\t\t\t\n\t\t\t<\/div>\n\t\t\t\n\t\t\t\t\n\t\t<\/div>\n\t<\/a>\n<div class=\"clearfix\"><\/div>\n<\/li>                            \n\n<li class=\"left post-13016 job_listing type-job_listing status-publish hentry\" data-longitude=\"\" data-latitude=\"\">\n\t<a href=\"https:\/\/www.intercontactservices.com\/interhuman\/en\/job\/appel-a-manifestation-dinteret-ami-pour-la-selection-des-nouveaux-membres-de-licn-burundi\/\">\n\t\t<img class=\"company_logo\" src=\"https:\/\/www.intercontactservices.com\/interhuman\/wp-content\/plugins\/wp-job-manager\/assets\/images\/company.png\" alt=\"ICN Burundi\" \/>\t\t<div class=\"job-list-content\">\n\t\t\t<h4>Appel \u00e0 Manifestation d&#8217;Int\u00e9r\u00eat (AMI) pour la s\u00e9lection des nouveaux membres de l\u2019ICN Burundi \n\t\t\t\t\t\t \n\t\t\t<\/h4>\n\n\t\t\t<div class=\"job-icons\">\n\t\t\t\t\t\t\t\t\n\t\t\t\t\t\t\t\t\n\t\t\t\t\t\t\t\t\t<span class=\"ws-meta-company-name\"><i class=\"fa fa-briefcase\"><\/i> ICN Burundi<\/span>\n\t\t\t\t\t\t\t\t\n\t\t\t\t\t\t\t\t\n\t\t\t\t\n\t\t\t\t\t\t\t\t\n\t\t\t\t\t\t\t\t\t\t\t\t\n\t\t\t\t\t\t\t\t\t\t\t\t\t\t\t<span class=\"ws-meta-job-deadline\"><i class=\"fa fa-calendar-times-o\"><\/i> \n\t\t\t\t\t\tCloses: 18 May 2026\t\t\t\t\t\t<\/span>\n\t\t\t\t\t\t\t\t\n\n\t\t\t\t\t\t\t\t\n\t\t\t\t\t\t\t<\/div>\n\t\t\t<div class=\"listing-desc\"><p>Appel \u00e0 Manifestation d&#8217;Int\u00e9r\u00eat (AMI) pour la s\u00e9lection des nouveaux membres de l\u2019ICN Burundi L\u2019Instance de Coordination Nationale des subventions du Fonds mondial de lutte contre le SIDA, la Tuberculose&#8230;<\/p>\n\t\t\t\t\n\t\t\t<\/div>\n\t\t\t\n\t\t\t\t\n\t\t<\/div>\n\t<\/a>\n<div class=\"clearfix\"><\/div>\n<\/li>            \r\n            <\/ul>\n\r\n            \r\n        <\/div>[\/vc_column_text][\/vc_column][vc_column width=&#8221;1\/3&#8243;][vc_single_image image=&#8221;588&#8243; img_size=&#8221;full&#8221;][vc_single_image image=&#8221;701&#8243; img_size=&#8221;full&#8221;][vc_single_image image=&#8221;714&#8243; img_size=&#8221;full&#8221;][\/vc_column][\/vc_row]<\/p>\n","protected":false},"excerpt":{"rendered":"<p>[vc_row][vc_column width=&#8221;2\/3&#8243;][vc_column_text][\/vc_column_text][vc_column_text][\/vc_column_text][\/vc_column][vc_column width=&#8221;1\/3&#8243;][vc_single_image image=&#8221;588&#8243; img_size=&#8221;full&#8221;][vc_single_image image=&#8221;701&#8243; img_size=&#8221;full&#8221;][vc_single_image image=&#8221;714&#8243; img_size=&#8221;full&#8221;][\/vc_column][\/vc_row]<\/p>\n","protected":false},"author":10,"featured_media":0,"parent":0,"menu_order":0,"comment_status":"closed","ping_status":"closed","template":"","meta":{"om_disable_all_campaigns":false,"_monsterinsights_skip_tracking":false,"_monsterinsights_sitenote_active":false,"_monsterinsights_sitenote_note":"","_monsterinsights_sitenote_category":0,"_uf_show_specific_survey":0,"_uf_disable_surveys":false},"aioseo_notices":[],"yoast_head":"<!-- This site is optimized with the Yoast SEO plugin v19.3 - https:\/\/yoast.com\/wordpress\/plugins\/seo\/ -->\n<title>Job offers - Interhuman<\/title>\n<meta name=\"robots\" content=\"index, follow, max-snippet:-1, max-image-preview:large, max-video-preview:-1\" \/>\n<link rel=\"canonical\" href=\"https:\/\/www.intercontactservices.com\/interhuman\/en\/offres-demploi\/\" \/>\n<meta property=\"og:locale\" content=\"en_US\" \/>\n<meta property=\"og:type\" content=\"article\" \/>\n<meta property=\"og:title\" content=\"Job offers - Interhuman\" \/>\n<meta property=\"og:description\" content=\"[vc_row][vc_column width=&#8221;2\/3&#8243;][vc_column_text][\/vc_column_text][vc_column_text][\/vc_column_text][\/vc_column][vc_column width=&#8221;1\/3&#8243;][vc_single_image image=&#8221;588&#8243; img_size=&#8221;full&#8221;][vc_single_image image=&#8221;701&#8243; img_size=&#8221;full&#8221;][vc_single_image image=&#8221;714&#8243; img_size=&#8221;full&#8221;][\/vc_column][\/vc_row]\" \/>\n<meta property=\"og:url\" content=\"https:\/\/www.intercontactservices.com\/interhuman\/en\/offres-demploi\/\" \/>\n<meta property=\"og:site_name\" content=\"Interhuman\" \/>\n<meta property=\"article:modified_time\" content=\"2020-11-24T08:55:28+00:00\" \/>\n<meta name=\"twitter:card\" content=\"summary\" \/>\n<script type=\"application\/ld+json\" class=\"yoast-schema-graph\">{\"@context\":\"https:\/\/schema.org\",\"@graph\":[{\"@type\":\"WebSite\",\"@id\":\"https:\/\/www.intercontactservices.com\/interhuman\/#website\",\"url\":\"https:\/\/www.intercontactservices.com\/interhuman\/\",\"name\":\"Interhuman\",\"description\":\"Gestion de vos ressources humaines dans la transparence\",\"potentialAction\":[{\"@type\":\"SearchAction\",\"target\":{\"@type\":\"EntryPoint\",\"urlTemplate\":\"https:\/\/www.intercontactservices.com\/interhuman\/?s={search_term_string}\"},\"query-input\":\"required name=search_term_string\"}],\"inLanguage\":\"en-US\"},{\"@type\":\"WebPage\",\"@id\":\"https:\/\/www.intercontactservices.com\/interhuman\/en\/offres-demploi\/\",\"url\":\"https:\/\/www.intercontactservices.com\/interhuman\/en\/offres-demploi\/\",\"name\":\"Job offers - Interhuman\",\"isPartOf\":{\"@id\":\"https:\/\/www.intercontactservices.com\/interhuman\/#website\"},\"datePublished\":\"2016-11-23T09:13:36+00:00\",\"dateModified\":\"2020-11-24T08:55:28+00:00\",\"breadcrumb\":{\"@id\":\"https:\/\/www.intercontactservices.com\/interhuman\/en\/offres-demploi\/#breadcrumb\"},\"inLanguage\":\"en-US\",\"potentialAction\":[{\"@type\":\"ReadAction\",\"target\":[\"https:\/\/www.intercontactservices.com\/interhuman\/en\/offres-demploi\/\"]}]},{\"@type\":\"BreadcrumbList\",\"@id\":\"https:\/\/www.intercontactservices.com\/interhuman\/en\/offres-demploi\/#breadcrumb\",\"itemListElement\":[{\"@type\":\"ListItem\",\"position\":1,\"name\":\"Accueil\",\"item\":\"https:\/\/www.intercontactservices.com\/interhuman\/en\/\"},{\"@type\":\"ListItem\",\"position\":2,\"name\":\"Job offers\"}]}]}<\/script>\n<!-- \/ Yoast SEO plugin. -->","yoast_head_json":{"title":"Job offers - Interhuman","robots":{"index":"index","follow":"follow","max-snippet":"max-snippet:-1","max-image-preview":"max-image-preview:large","max-video-preview":"max-video-preview:-1"},"canonical":"https:\/\/www.intercontactservices.com\/interhuman\/en\/offres-demploi\/","og_locale":"en_US","og_type":"article","og_title":"Job offers - Interhuman","og_description":"[vc_row][vc_column width=&#8221;2\/3&#8243;][vc_column_text][\/vc_column_text][vc_column_text][\/vc_column_text][\/vc_column][vc_column width=&#8221;1\/3&#8243;][vc_single_image image=&#8221;588&#8243; img_size=&#8221;full&#8221;][vc_single_image image=&#8221;701&#8243; img_size=&#8221;full&#8221;][vc_single_image image=&#8221;714&#8243; img_size=&#8221;full&#8221;][\/vc_column][\/vc_row]","og_url":"https:\/\/www.intercontactservices.com\/interhuman\/en\/offres-demploi\/","og_site_name":"Interhuman","article_modified_time":"2020-11-24T08:55:28+00:00","twitter_card":"summary","schema":{"@context":"https:\/\/schema.org","@graph":[{"@type":"WebSite","@id":"https:\/\/www.intercontactservices.com\/interhuman\/#website","url":"https:\/\/www.intercontactservices.com\/interhuman\/","name":"Interhuman","description":"Gestion de vos ressources humaines dans la transparence","potentialAction":[{"@type":"SearchAction","target":{"@type":"EntryPoint","urlTemplate":"https:\/\/www.intercontactservices.com\/interhuman\/?s={search_term_string}"},"query-input":"required name=search_term_string"}],"inLanguage":"en-US"},{"@type":"WebPage","@id":"https:\/\/www.intercontactservices.com\/interhuman\/en\/offres-demploi\/","url":"https:\/\/www.intercontactservices.com\/interhuman\/en\/offres-demploi\/","name":"Job offers - Interhuman","isPartOf":{"@id":"https:\/\/www.intercontactservices.com\/interhuman\/#website"},"datePublished":"2016-11-23T09:13:36+00:00","dateModified":"2020-11-24T08:55:28+00:00","breadcrumb":{"@id":"https:\/\/www.intercontactservices.com\/interhuman\/en\/offres-demploi\/#breadcrumb"},"inLanguage":"en-US","potentialAction":[{"@type":"ReadAction","target":["https:\/\/www.intercontactservices.com\/interhuman\/en\/offres-demploi\/"]}]},{"@type":"BreadcrumbList","@id":"https:\/\/www.intercontactservices.com\/interhuman\/en\/offres-demploi\/#breadcrumb","itemListElement":[{"@type":"ListItem","position":1,"name":"Accueil","item":"https:\/\/www.intercontactservices.com\/interhuman\/en\/"},{"@type":"ListItem","position":2,"name":"Job offers"}]}]}},"_links":{"self":[{"href":"https:\/\/www.intercontactservices.com\/interhuman\/en\/wp-json\/wp\/v2\/pages\/748"}],"collection":[{"href":"https:\/\/www.intercontactservices.com\/interhuman\/en\/wp-json\/wp\/v2\/pages"}],"about":[{"href":"https:\/\/www.intercontactservices.com\/interhuman\/en\/wp-json\/wp\/v2\/types\/page"}],"author":[{"embeddable":true,"href":"https:\/\/www.intercontactservices.com\/interhuman\/en\/wp-json\/wp\/v2\/users\/10"}],"replies":[{"embeddable":true,"href":"https:\/\/www.intercontactservices.com\/interhuman\/en\/wp-json\/wp\/v2\/comments?post=748"}],"version-history":[{"count":3,"href":"https:\/\/www.intercontactservices.com\/interhuman\/en\/wp-json\/wp\/v2\/pages\/748\/revisions"}],"predecessor-version":[{"id":6118,"href":"https:\/\/www.intercontactservices.com\/interhuman\/en\/wp-json\/wp\/v2\/pages\/748\/revisions\/6118"}],"wp:attachment":[{"href":"https:\/\/www.intercontactservices.com\/interhuman\/en\/wp-json\/wp\/v2\/media?parent=748"}],"curies":[{"name":"wp","href":"https:\/\/api.w.org\/{rel}","templated":true}]}}